{"id":1750,"date":"2025-02-01T15:45:11","date_gmt":"2025-02-01T14:45:11","guid":{"rendered":"https:\/\/branth-chemie.de\/?post_type=product&#038;p=1750"},"modified":"2026-03-19T15:19:39","modified_gmt":"2026-03-19T14:19:39","slug":"brantho-korrux-3-in-1","status":"publish","type":"product","link":"https:\/\/branth.flow-dev.de\/produkt\/brantho-korrux-3-in-1\/","title":{"rendered":"Brantho-Korrux \u201e3 in 1\u201c"},"content":{"rendered":"<p><strong>Universeller Grund- und Fertiganstrich f\u00fcr jeden Untergrund<\/strong><\/p>\n<ul>\n<li class=\"s8\"><strong><span class=\"s7\">bis <\/span><span class=\"s7\">Minus<\/span><\/strong><span class=\"s7\"><strong> 10 Grad<\/strong> lackier- und trockenbar <\/span><\/li>\n<li class=\"s8\"><span class=\"s7\">mit jeder Applikationsart (u.a. <strong>spritzen, streichen, rollen, tauchen<\/strong>, etc.) lackierbar <\/span><\/li>\n<li class=\"s8\"><span class=\"s7\">bereits<strong> nach 10-15min ohne Anschliff \u00fcberlackierbar<\/strong> (wir empfehlen f\u00fcr eine schnelle Durchtrocknung dennoch einen Tag <\/span><span class=\"s7\">Abl\u00fcftzeit<\/span><span class=\"s7\">) <\/span><\/li>\n<li class=\"s8\"><span class=\"s7\">generell ohne Anschliff <\/span><span class=\"s7\">\u00fcberzulackieren<\/span><\/li>\n<li class=\"s8\"><span class=\"s7\">sehr hohe <strong>Ergiebigkeit<\/strong> (9m\u00b2 pro L) <\/span><\/li>\n<li class=\"s8\"><span class=\"s7\">hohe <strong>Elastizit\u00e4t<\/strong> (kein direktes Abplatzen bei Schl\u00e4gen\/St\u00f6\u00dfen\/Verformungen) <\/span><\/li>\n<li class=\"s8\"><span class=\"s7\">erf\u00fcllt die h\u00f6chstm\u00f6glichen Korrosionsschutzklassen (<\/span><strong><span class=\"s7\">Norsok<\/span><\/strong><span class=\"s7\"><strong> und CX<\/strong>) <\/span><\/li>\n<li class=\"s8\"><span class=\"s7\">bis <strong>120\u00b5m TSD standfest<\/strong>\u00a0 <\/span><\/li>\n<li class=\"s8\"><span class=\"s7\">extrem hohe <strong>Deck- und F\u00fcllkraft<\/strong> auch bei schwierigen Farbt\u00f6nen <\/span><\/li>\n<li class=\"s8\"><span class=\"s7\">jederzeit <strong>wiederverwendbar <\/strong><\/span><\/li>\n<li class=\"s8\"><span class=\"s7\">mit \u00fcber <strong>70 Farbt\u00f6nen ab Lager<\/strong> sofort lieferbar ist <\/span><\/li>\n<li class=\"s8\"><span class=\"s7\">auf nahezu jedem Untergrund lackierbar (u.a. <strong>Eisen, Stahl, Verzinkungen, Alu, Beton, Glas, Rost, Altanstriche<\/strong>, etc.) <\/span><\/li>\n<li class=\"s8\"><span class=\"s7\">frei von giftigen Inhaltsstoffen (<strong>Lebensmittel- und Speichelecht<\/strong>) <\/span><\/li>\n<li class=\"s8\"><span class=\"s7\">mit nahezu jedem anderen Lacksystem <\/span><strong><span class=\"s7\">\u00fcberarbeitbar<\/span><\/strong><span class=\"s7\"> bzw. auf nahezu jedem anderen Lacksystem anwendbar (siehe u.a. Hinweise im Anhang des technischen Merkblattes) <\/span><\/li>\n<li class=\"s8\"><span class=\"s7\">je nach Farbton<strong> bis<\/strong> <strong>300\u00b0C Temperaturbest\u00e4ndig <\/strong><\/span><\/li>\n<li class=\"s8\"><span class=\"s7\"><strong>KEIN Gefahrgut<\/strong> beim Transport (Ausnahme Lufttransport oder Komfortdose=LQ)<\/span><\/li>\n<li><strong>EPD<\/strong> zertifiziert<\/li>\n<li>Bei Brantho-Korrux &#8220;3 in 1&#8221; <strong>unpigmentiert<\/strong> besteht die 750 ml Kleingebinde-Einheit aus 680 ml und die 5 L Einheit aus 4,5 L Rostschutzfarbe<i>\u00a0<\/i><\/li>\n<\/ul>\n<p class=\"s8\"><span class=\"s7\">Zus\u00e4tzliche Features in der <strong>Komfortdose<\/strong> (Dickschicht-Spraydose): <\/span><\/p>\n<ul>\n<li class=\"s8\"><span class=\"s7\">enth\u00e4lt ausschlie\u00dflich rein abgef\u00fcllten Lack (70% Festk\u00f6rper) + Biodruckgas (<strong>ohne Zusatz von weiteren L\u00f6semitteln<\/strong>) <\/span><\/li>\n<li class=\"s8\"><span class=\"s7\">enth\u00e4lt <strong>CO2 neutrales Biogas<\/strong>\u00a0 <\/span><\/li>\n<li class=\"s8\"><span class=\"s7\">\u00a0alle oben genannten Eigenschaften (au\u00dfer Transport und Applikationsart) treffen entsprechend auch auf die Komfortdose zu<\/span><\/li>\n<\/ul>\n<p>Hinweis: Unsere Produkte werden ausschlie\u00dflich von Grund auf gefertigt (OHNE T\u00f6npasten) f\u00fcr u.a. eine optimale Deckkraft. Sonderfarbt\u00f6ne, die nicht bei uns original produziert werden (sondern z.B. bei einem H\u00e4ndler), werden hingegen mit T\u00f6npasten eingestellt und entsprechen nicht der Originalqualit\u00e4t hinsichtlich Deckkraft, Korrosionsschutz und Haftfestigkeit.<\/p>\n","protected":false},"excerpt":{"rendered":"<p>Universeller Grund- und Fertiganstrich f\u00fcr jeden Untergrund bis Minus 10 Grad lackier- und trockenbar mit jeder Applikationsart (u.a. spritzen, streichen, rollen, tauchen, etc.) lackierbar bereits nach 10-15min ohne Anschliff \u00fcberlackierbar (wir empfehlen f\u00fcr eine schnelle Durchtrocknung dennoch einen Tag Abl\u00fcftzeit) generell ohne Anschliff \u00fcberzulackieren sehr hohe Ergiebigkeit (9m\u00b2 pro L) hohe Elastizit\u00e4t (kein direktes Abplatzen [&hellip;]<\/p>\n","protected":false},"featured_media":4377,"comment_status":"closed","ping_status":"closed","template":"","meta":{"_acf_changed":false},"product_brand":[],"product_cat":[29,22],"product_tag":[],"class_list":{"0":"post-1750","1":"product","2":"type-product","3":"status-publish","4":"has-post-thumbnail","6":"product_cat-decklacke","7":"product_cat-grundierungen","9":"first","10":"instock","11":"taxable","12":"shipping-taxable","13":"purchasable","14":"product-type-variable"},"acf":[],"_links":{"self":[{"href":"https:\/\/branth.flow-dev.de\/wp-json\/wp\/v2\/product\/1750","targetHints":{"allow":["GET"]}}],"collection":[{"href":"https:\/\/branth.flow-dev.de\/wp-json\/wp\/v2\/product"}],"about":[{"href":"https:\/\/branth.flow-dev.de\/wp-json\/wp\/v2\/types\/product"}],"replies":[{"embeddable":true,"href":"https:\/\/branth.flow-dev.de\/wp-json\/wp\/v2\/comments?post=1750"}],"wp:featuredmedia":[{"embeddable":true,"href":"https:\/\/branth.flow-dev.de\/wp-json\/wp\/v2\/media\/4377"}],"wp:attachment":[{"href":"https:\/\/branth.flow-dev.de\/wp-json\/wp\/v2\/media?parent=1750"}],"wp:term":[{"taxonomy":"product_brand","embeddable":true,"href":"https:\/\/branth.flow-dev.de\/wp-json\/wp\/v2\/product_brand?post=1750"},{"taxonomy":"product_cat","embeddable":true,"href":"https:\/\/branth.flow-dev.de\/wp-json\/wp\/v2\/product_cat?post=1750"},{"taxonomy":"product_tag","embeddable":true,"href":"https:\/\/branth.flow-dev.de\/wp-json\/wp\/v2\/product_tag?post=1750"}],"curies":[{"name":"wp","href":"https:\/\/api.w.org\/{rel}","templated":true}]}}