{"id":1766,"date":"2025-01-29T15:45:14","date_gmt":"2025-01-29T14:45:14","guid":{"rendered":"https:\/\/branth-chemie.de\/?post_type=product&#038;p=1766"},"modified":"2026-02-17T13:58:57","modified_gmt":"2026-02-17T12:58:57","slug":"brantho-korrux-robustlack","status":"publish","type":"product","link":"https:\/\/branth.flow-dev.de\/produkt\/brantho-korrux-robustlack\/","title":{"rendered":"Branth&#8217;s \u201eRobustlack\u201c"},"content":{"rendered":"<p><strong>Robuster Deckanstrich mit gl\u00e4nzender Oberfl\u00e4che<\/strong><\/p>\n<ul>\n<li class=\"s3\">sehr elastisch und wetterbest\u00e4ndig<\/li>\n<li class=\"s3\">schnelle Antrocknung<\/li>\n<li class=\"s3\">Mischbar mit Brantho-Korrux 3 in 1<\/li>\n<\/ul>\n","protected":false},"excerpt":{"rendered":"<p>Robuster Deckanstrich mit gl\u00e4nzender Oberfl\u00e4che sehr elastisch und wetterbest\u00e4ndig schnelle Antrocknung Mischbar mit Brantho-Korrux 3 in 1<\/p>\n","protected":false},"featured_media":4639,"comment_status":"closed","ping_status":"closed","template":"","meta":{"_acf_changed":false},"product_brand":[],"product_cat":[29],"product_tag":[],"class_list":{"0":"post-1766","1":"product","2":"type-product","3":"status-publish","4":"has-post-thumbnail","6":"product_cat-decklacke","8":"first","9":"instock","10":"featured","11":"taxable","12":"shipping-taxable","13":"purchasable","14":"product-type-variable"},"acf":[],"_links":{"self":[{"href":"https:\/\/branth.flow-dev.de\/wp-json\/wp\/v2\/product\/1766","targetHints":{"allow":["GET"]}}],"collection":[{"href":"https:\/\/branth.flow-dev.de\/wp-json\/wp\/v2\/product"}],"about":[{"href":"https:\/\/branth.flow-dev.de\/wp-json\/wp\/v2\/types\/product"}],"replies":[{"embeddable":true,"href":"https:\/\/branth.flow-dev.de\/wp-json\/wp\/v2\/comments?post=1766"}],"wp:featuredmedia":[{"embeddable":true,"href":"https:\/\/branth.flow-dev.de\/wp-json\/wp\/v2\/media\/4639"}],"wp:attachment":[{"href":"https:\/\/branth.flow-dev.de\/wp-json\/wp\/v2\/media?parent=1766"}],"wp:term":[{"taxonomy":"product_brand","embeddable":true,"href":"https:\/\/branth.flow-dev.de\/wp-json\/wp\/v2\/product_brand?post=1766"},{"taxonomy":"product_cat","embeddable":true,"href":"https:\/\/branth.flow-dev.de\/wp-json\/wp\/v2\/product_cat?post=1766"},{"taxonomy":"product_tag","embeddable":true,"href":"https:\/\/branth.flow-dev.de\/wp-json\/wp\/v2\/product_tag?post=1766"}],"curies":[{"name":"wp","href":"https:\/\/api.w.org\/{rel}","templated":true}]}}