{"id":1774,"date":"2025-02-02T15:45:14","date_gmt":"2025-02-02T14:45:14","guid":{"rendered":"https:\/\/branth-chemie.de\/?post_type=product&#038;p=1774"},"modified":"2026-02-24T08:03:25","modified_gmt":"2026-02-24T07:03:25","slug":"brantho-korrux-s-glasur","status":"publish","type":"product","link":"https:\/\/branth.flow-dev.de\/produkt\/brantho-korrux-s-glasur\/","title":{"rendered":"Branth&#8217;s \u201eS-Glasur\u201c"},"content":{"rendered":"<p><strong>f\u00fcr glatte hochgl\u00e4nzende Lackierungen auf grundierten Untergr\u00fcnden<\/strong><\/p>\n<ul>\n<li class=\"s3\">milder Geruch<\/li>\n<li class=\"s3\">guter Verlauf<\/li>\n<li class=\"s3\">1- Komponentig<\/li>\n<li class=\"s3\">kann bei Bedarf mit Branth&#8217;s Quick H\u00e4rter (5-10%) verarbeitet werden (h\u00f6here H\u00e4rte)<\/li>\n<\/ul>\n","protected":false},"excerpt":{"rendered":"<p>f\u00fcr glatte hochgl\u00e4nzende Lackierungen auf grundierten Untergr\u00fcnden milder Geruch guter Verlauf 1- Komponentig kann bei Bedarf mit Branth&#8217;s Quick H\u00e4rter (5-10%) verarbeitet werden (h\u00f6here H\u00e4rte)<\/p>\n","protected":false},"featured_media":4660,"comment_status":"closed","ping_status":"closed","template":"","meta":{"_acf_changed":false},"product_brand":[],"product_cat":[29],"product_tag":[],"class_list":{"0":"post-1774","1":"product","2":"type-product","3":"status-publish","4":"has-post-thumbnail","6":"product_cat-decklacke","8":"first","9":"instock","10":"taxable","11":"shipping-taxable","12":"purchasable","13":"product-type-variable"},"acf":[],"_links":{"self":[{"href":"https:\/\/branth.flow-dev.de\/wp-json\/wp\/v2\/product\/1774","targetHints":{"allow":["GET"]}}],"collection":[{"href":"https:\/\/branth.flow-dev.de\/wp-json\/wp\/v2\/product"}],"about":[{"href":"https:\/\/branth.flow-dev.de\/wp-json\/wp\/v2\/types\/product"}],"replies":[{"embeddable":true,"href":"https:\/\/branth.flow-dev.de\/wp-json\/wp\/v2\/comments?post=1774"}],"wp:featuredmedia":[{"embeddable":true,"href":"https:\/\/branth.flow-dev.de\/wp-json\/wp\/v2\/media\/4660"}],"wp:attachment":[{"href":"https:\/\/branth.flow-dev.de\/wp-json\/wp\/v2\/media?parent=1774"}],"wp:term":[{"taxonomy":"product_brand","embeddable":true,"href":"https:\/\/branth.flow-dev.de\/wp-json\/wp\/v2\/product_brand?post=1774"},{"taxonomy":"product_cat","embeddable":true,"href":"https:\/\/branth.flow-dev.de\/wp-json\/wp\/v2\/product_cat?post=1774"},{"taxonomy":"product_tag","embeddable":true,"href":"https:\/\/branth.flow-dev.de\/wp-json\/wp\/v2\/product_tag?post=1774"}],"curies":[{"name":"wp","href":"https:\/\/api.w.org\/{rel}","templated":true}]}}