{"id":1830,"date":"2025-01-29T15:45:23","date_gmt":"2025-01-29T14:45:23","guid":{"rendered":"https:\/\/branth-chemie.de\/?post_type=product&#038;p=1830"},"modified":"2026-01-22T14:44:23","modified_gmt":"2026-01-22T13:44:23","slug":"brantho-korrux-2k-durasolid","status":"publish","type":"product","link":"https:\/\/branth.flow-dev.de\/produkt\/brantho-korrux-2k-durasolid\/","title":{"rendered":"Brantho-Korrux \u201e2K-Durasolid\u201c"},"content":{"rendered":"<p><strong>Dickschichtiger Farbauftrag f\u00fcr dauerhafte Unterwasserbelastung<\/strong><\/p>\n<ul>\n<li class=\"s3\">geruchsarm (\u00fcber 96% Festk\u00f6rper in Mischung)<\/li>\n<li class=\"s3\">hohe Chemikalienbest\u00e4ndigkeit<\/li>\n<li class=\"s3\">extrem hohe F\u00fcllkraft<\/li>\n<\/ul>\n<p><em>Die 975 g Kleingebinde-Einheit besteht aus 825 g Stammlack und 150 g H\u00e4rter und wird auf die 8er-Gebinde Regelung bei 750 ml (und Vielfaches von 8) angerechnet.<\/em><\/p>\n<p><em>Die 6,5 kg Einheit besteht aus 5,5 kg Stammlack und 2 x 0,5 kg H\u00e4rter<\/em><\/p>\n","protected":false},"excerpt":{"rendered":"<p>Dickschichtiger Farbauftrag f\u00fcr dauerhafte Unterwasserbelastung geruchsarm (\u00fcber 96% Festk\u00f6rper in Mischung) hohe Chemikalienbest\u00e4ndigkeit extrem hohe F\u00fcllkraft Die 975 g Kleingebinde-Einheit besteht aus 825 g Stammlack und 150 g H\u00e4rter und wird auf die 8er-Gebinde Regelung bei 750 ml (und Vielfaches von 8) angerechnet. Die 6,5 kg Einheit besteht aus 5,5 kg Stammlack und 2 x [&hellip;]<\/p>\n","protected":false},"featured_media":2694,"comment_status":"closed","ping_status":"closed","template":"","meta":{"_acf_changed":false},"product_brand":[],"product_cat":[23],"product_tag":[],"class_list":{"0":"post-1830","1":"product","2":"type-product","3":"status-publish","4":"has-post-thumbnail","6":"product_cat-2k-spezialitaeten","8":"first","9":"instock","10":"taxable","11":"shipping-taxable","12":"purchasable","13":"product-type-variable"},"acf":[],"_links":{"self":[{"href":"https:\/\/branth.flow-dev.de\/wp-json\/wp\/v2\/product\/1830","targetHints":{"allow":["GET"]}}],"collection":[{"href":"https:\/\/branth.flow-dev.de\/wp-json\/wp\/v2\/product"}],"about":[{"href":"https:\/\/branth.flow-dev.de\/wp-json\/wp\/v2\/types\/product"}],"replies":[{"embeddable":true,"href":"https:\/\/branth.flow-dev.de\/wp-json\/wp\/v2\/comments?post=1830"}],"wp:featuredmedia":[{"embeddable":true,"href":"https:\/\/branth.flow-dev.de\/wp-json\/wp\/v2\/media\/2694"}],"wp:attachment":[{"href":"https:\/\/branth.flow-dev.de\/wp-json\/wp\/v2\/media?parent=1830"}],"wp:term":[{"taxonomy":"product_brand","embeddable":true,"href":"https:\/\/branth.flow-dev.de\/wp-json\/wp\/v2\/product_brand?post=1830"},{"taxonomy":"product_cat","embeddable":true,"href":"https:\/\/branth.flow-dev.de\/wp-json\/wp\/v2\/product_cat?post=1830"},{"taxonomy":"product_tag","embeddable":true,"href":"https:\/\/branth.flow-dev.de\/wp-json\/wp\/v2\/product_tag?post=1830"}],"curies":[{"name":"wp","href":"https:\/\/api.w.org\/{rel}","templated":true}]}}