{"id":1846,"date":"2025-01-29T15:45:24","date_gmt":"2025-01-29T14:45:24","guid":{"rendered":"https:\/\/branth-chemie.de\/?post_type=product&#038;p=1846"},"modified":"2026-02-17T13:55:29","modified_gmt":"2026-02-17T12:55:29","slug":"brantho-korrux-2k-anti-graffic-2","status":"publish","type":"product","link":"https:\/\/branth.flow-dev.de\/produkt\/brantho-korrux-2k-anti-graffic-2\/","title":{"rendered":"Branth&#8217;s \u201e2K Anti Graffic\u201c"},"content":{"rendered":"<p><strong>Klarlack mit schmutzunempfindlicher Oberfl\u00e4che<\/strong><\/p>\n<ul>\n<li class=\"s3\">Besondere Reinigungsf\u00e4higkeit<\/li>\n<li>f\u00fcr einen h\u00f6heren UV-Schutz und Chemikalienbest\u00e4ndigkeit<\/li>\n<li class=\"s3\">ideal als Decklack auf Brantho-Korrux \u201e3 in 1\u201c ( auch auf unseren anderen Lacken)<\/li>\n<\/ul>\n<p><em>Die 625g Kleingebinde-Einheit besteht aus 500 g Stammlack und 125 g H\u00e4rter und wird auf die 8er-Gebinde Regelung bei 750 ml (und Vielfaches von 8) angerec<\/em>hnet.<\/p>\n<p><em>Die 5 kg Einheit besteht aus 4 kg Stammlack und 2 x 0,5 kg H\u00e4rter<\/em><\/p>\n","protected":false},"excerpt":{"rendered":"<p>Klarlack mit schmutzunempfindlicher Oberfl\u00e4che Besondere Reinigungsf\u00e4higkeit f\u00fcr einen h\u00f6heren UV-Schutz und Chemikalienbest\u00e4ndigkeit ideal als Decklack auf Brantho-Korrux \u201e3 in 1\u201c ( auch auf unseren anderen Lacken) Die 625g Kleingebinde-Einheit besteht aus 500 g Stammlack und 125 g H\u00e4rter und wird auf die 8er-Gebinde Regelung bei 750 ml (und Vielfaches von 8) angerechnet. Die 5 kg [&hellip;]<\/p>\n","protected":false},"featured_media":2691,"comment_status":"closed","ping_status":"closed","template":"","meta":{"_acf_changed":false},"product_brand":[],"product_cat":[23,25],"product_tag":[],"class_list":{"0":"post-1846","1":"product","2":"type-product","3":"status-publish","4":"has-post-thumbnail","6":"product_cat-2k-spezialitaeten","7":"product_cat-klarlacke","9":"first","10":"instock","11":"taxable","12":"shipping-taxable","13":"purchasable","14":"product-type-variable"},"acf":[],"_links":{"self":[{"href":"https:\/\/branth.flow-dev.de\/wp-json\/wp\/v2\/product\/1846","targetHints":{"allow":["GET"]}}],"collection":[{"href":"https:\/\/branth.flow-dev.de\/wp-json\/wp\/v2\/product"}],"about":[{"href":"https:\/\/branth.flow-dev.de\/wp-json\/wp\/v2\/types\/product"}],"replies":[{"embeddable":true,"href":"https:\/\/branth.flow-dev.de\/wp-json\/wp\/v2\/comments?post=1846"}],"wp:featuredmedia":[{"embeddable":true,"href":"https:\/\/branth.flow-dev.de\/wp-json\/wp\/v2\/media\/2691"}],"wp:attachment":[{"href":"https:\/\/branth.flow-dev.de\/wp-json\/wp\/v2\/media?parent=1846"}],"wp:term":[{"taxonomy":"product_brand","embeddable":true,"href":"https:\/\/branth.flow-dev.de\/wp-json\/wp\/v2\/product_brand?post=1846"},{"taxonomy":"product_cat","embeddable":true,"href":"https:\/\/branth.flow-dev.de\/wp-json\/wp\/v2\/product_cat?post=1846"},{"taxonomy":"product_tag","embeddable":true,"href":"https:\/\/branth.flow-dev.de\/wp-json\/wp\/v2\/product_tag?post=1846"}],"curies":[{"name":"wp","href":"https:\/\/api.w.org\/{rel}","templated":true}]}}