{"id":1854,"date":"2025-01-29T15:45:27","date_gmt":"2025-01-29T14:45:27","guid":{"rendered":"https:\/\/branth-chemie.de\/?post_type=product&#038;p=1854"},"modified":"2026-02-25T08:48:16","modified_gmt":"2026-02-25T07:48:16","slug":"brantho-korrux-2k-flexi-2","status":"publish","type":"product","link":"https:\/\/branth.flow-dev.de\/produkt\/brantho-korrux-2k-flexi-2\/","title":{"rendered":"Branth&#8217;s \u201e2K-Flexi-Lack\u201c"},"content":{"rendered":"<p><strong>Lack mit extrem hoher Schlagfestigkeit<\/strong><\/p>\n<ul>\n<li>in wei\u00df oder schwarz seidengl\u00e4nzend oder als Klarlack gl\u00e4nzend als abschlie\u00dfende Schicht ab Lager verf\u00fcgbar<\/li>\n<li class=\"s3\">Extrem hohe Schlagfestigkeit und Elastizit\u00e4t<\/li>\n<li class=\"s3\">Schalld\u00e4mmende Wirkung<\/li>\n<li class=\"s3\">w\u00e4rme- und k\u00e4lteisolierend f\u00fcr wei\u00df und schwarz (dadurch schwitzwasserreduzierend)<\/li>\n<\/ul>\n<p><em>Die 625g Kleingebinde-Einheit besteht aus 500 g Stammlack und 125 g H\u00e4rter und wird auf die 8er-Gebinde Regelung bei 750 ml (und Vielfaches von 8) angerechnet.<\/em><\/p>\n<p><em>Die 4 kg Einheit besteht aus 3,2 kg Stammlack und 0,8 kg H\u00e4rter<\/em><\/p>\n","protected":false},"excerpt":{"rendered":"<p>Lack mit extrem hoher Schlagfestigkeit in wei\u00df oder schwarz seidengl\u00e4nzend oder als Klarlack gl\u00e4nzend als abschlie\u00dfende Schicht ab Lager verf\u00fcgbar Extrem hohe Schlagfestigkeit und Elastizit\u00e4t Schalld\u00e4mmende Wirkung w\u00e4rme- und k\u00e4lteisolierend f\u00fcr wei\u00df und schwarz (dadurch schwitzwasserreduzierend) Die 625g Kleingebinde-Einheit besteht aus 500 g Stammlack und 125 g H\u00e4rter und wird auf die 8er-Gebinde Regelung bei [&hellip;]<\/p>\n","protected":false},"featured_media":2693,"comment_status":"closed","ping_status":"closed","template":"","meta":{"_acf_changed":false},"product_brand":[],"product_cat":[23,25],"product_tag":[],"class_list":{"0":"post-1854","1":"product","2":"type-product","3":"status-publish","4":"has-post-thumbnail","6":"product_cat-2k-spezialitaeten","7":"product_cat-klarlacke","9":"first","10":"instock","11":"taxable","12":"shipping-taxable","13":"purchasable","14":"product-type-variable"},"acf":[],"_links":{"self":[{"href":"https:\/\/branth.flow-dev.de\/wp-json\/wp\/v2\/product\/1854","targetHints":{"allow":["GET"]}}],"collection":[{"href":"https:\/\/branth.flow-dev.de\/wp-json\/wp\/v2\/product"}],"about":[{"href":"https:\/\/branth.flow-dev.de\/wp-json\/wp\/v2\/types\/product"}],"replies":[{"embeddable":true,"href":"https:\/\/branth.flow-dev.de\/wp-json\/wp\/v2\/comments?post=1854"}],"wp:featuredmedia":[{"embeddable":true,"href":"https:\/\/branth.flow-dev.de\/wp-json\/wp\/v2\/media\/2693"}],"wp:attachment":[{"href":"https:\/\/branth.flow-dev.de\/wp-json\/wp\/v2\/media?parent=1854"}],"wp:term":[{"taxonomy":"product_brand","embeddable":true,"href":"https:\/\/branth.flow-dev.de\/wp-json\/wp\/v2\/product_brand?post=1854"},{"taxonomy":"product_cat","embeddable":true,"href":"https:\/\/branth.flow-dev.de\/wp-json\/wp\/v2\/product_cat?post=1854"},{"taxonomy":"product_tag","embeddable":true,"href":"https:\/\/branth.flow-dev.de\/wp-json\/wp\/v2\/product_tag?post=1854"}],"curies":[{"name":"wp","href":"https:\/\/api.w.org\/{rel}","templated":true}]}}