{"id":1862,"date":"2025-01-29T15:45:27","date_gmt":"2025-01-29T14:45:27","guid":{"rendered":"https:\/\/branth-chemie.de\/?post_type=product&#038;p=1862"},"modified":"2026-01-22T14:38:56","modified_gmt":"2026-01-22T13:38:56","slug":"brantho-korrux-2k-m-schutzlack-2","status":"publish","type":"product","link":"https:\/\/branth.flow-dev.de\/produkt\/brantho-korrux-2k-m-schutzlack-2\/","title":{"rendered":"Branth&#8217;s \u201e2K (M-) Schutzlack\u201c"},"content":{"rendered":"<p><strong>Gl\u00e4nzender 2-Komponenten-Klarlack direkt auf Metallen<\/strong><\/p>\n<ul>\n<li class=\"s3\">weitgehend s\u00e4ure- und alkalibest\u00e4ndig<\/li>\n<li class=\"s3\">sehr gute Haftfestigkeit u.a. direkt auf Stahl, NE-Metallen (auch Zink, feuerverzinkt), polierten Metalloberfl\u00e4chen (z.B. Messing, Aluminium, Edelstahl), Holz und Beton<\/li>\n<li class=\"s3\">schlag- und sto\u00dffest<\/li>\n<li class=\"s3\">hervorragende Witterungsbest\u00e4ndigkeit<\/li>\n<\/ul>\n<p><em>Die 700g Kleingebinde-Einheit besteht aus 600 g Stammlack und 100 g H\u00e4rter und wird auf die 8er-Gebinde Regelung bei 750 ml (und Vielfaches von 8) angerechnet.<\/em><\/p>\n<p><em>Die 4,9 kg Einheit besteht aus 4,2 kg Stammlack und 0,7 kg H\u00e4rter<\/em><\/p>\n","protected":false},"excerpt":{"rendered":"<p>Gl\u00e4nzender 2-Komponenten-Klarlack direkt auf Metallen weitgehend s\u00e4ure- und alkalibest\u00e4ndig sehr gute Haftfestigkeit u.a. direkt auf Stahl, NE-Metallen (auch Zink, feuerverzinkt), polierten Metalloberfl\u00e4chen (z.B. Messing, Aluminium, Edelstahl), Holz und Beton schlag- und sto\u00dffest hervorragende Witterungsbest\u00e4ndigkeit Die 700g Kleingebinde-Einheit besteht aus 600 g Stammlack und 100 g H\u00e4rter und wird auf die 8er-Gebinde Regelung bei 750 ml [&hellip;]<\/p>\n","protected":false},"featured_media":2692,"comment_status":"closed","ping_status":"closed","template":"","meta":{"_acf_changed":false},"product_brand":[],"product_cat":[23,25],"product_tag":[],"class_list":{"0":"post-1862","1":"product","2":"type-product","3":"status-publish","4":"has-post-thumbnail","6":"product_cat-2k-spezialitaeten","7":"product_cat-klarlacke","9":"first","10":"instock","11":"taxable","12":"shipping-taxable","13":"purchasable","14":"product-type-variable"},"acf":[],"_links":{"self":[{"href":"https:\/\/branth.flow-dev.de\/wp-json\/wp\/v2\/product\/1862","targetHints":{"allow":["GET"]}}],"collection":[{"href":"https:\/\/branth.flow-dev.de\/wp-json\/wp\/v2\/product"}],"about":[{"href":"https:\/\/branth.flow-dev.de\/wp-json\/wp\/v2\/types\/product"}],"replies":[{"embeddable":true,"href":"https:\/\/branth.flow-dev.de\/wp-json\/wp\/v2\/comments?post=1862"}],"wp:featuredmedia":[{"embeddable":true,"href":"https:\/\/branth.flow-dev.de\/wp-json\/wp\/v2\/media\/2692"}],"wp:attachment":[{"href":"https:\/\/branth.flow-dev.de\/wp-json\/wp\/v2\/media?parent=1862"}],"wp:term":[{"taxonomy":"product_brand","embeddable":true,"href":"https:\/\/branth.flow-dev.de\/wp-json\/wp\/v2\/product_brand?post=1862"},{"taxonomy":"product_cat","embeddable":true,"href":"https:\/\/branth.flow-dev.de\/wp-json\/wp\/v2\/product_cat?post=1862"},{"taxonomy":"product_tag","embeddable":true,"href":"https:\/\/branth.flow-dev.de\/wp-json\/wp\/v2\/product_tag?post=1862"}],"curies":[{"name":"wp","href":"https:\/\/api.w.org\/{rel}","templated":true}]}}