{"id":4396,"date":"2026-01-16T11:42:52","date_gmt":"2026-01-16T10:42:52","guid":{"rendered":"https:\/\/branth-chemie.de\/?post_type=product&#038;p=4396"},"modified":"2026-01-30T10:33:12","modified_gmt":"2026-01-30T09:33:12","slug":"brantho-korrux-nitrofest-komfortdosen","status":"publish","type":"product","link":"https:\/\/branth.flow-dev.de\/produkt\/brantho-korrux-nitrofest-komfortdosen\/","title":{"rendered":"Brantho-Korrux \u201enitrofest\u201c Komfortdosen"},"content":{"rendered":"<p><strong>universell \u00fcberlackierbarer Grund &#8211; oder Abschlussanstrich<\/strong><\/p>\n<ul>\n<li class=\"s3\"><strong>einkomponentig<\/strong><\/li>\n<li class=\"s3\">vorzugsweise f\u00fcr <strong>Eisen und Stahl<\/strong><\/li>\n<li class=\"s3\">sehr hohe <strong>Ergiebigkeit<\/strong><\/li>\n<li class=\"s3\">sehr hohe <strong>F\u00fcllkraft<\/strong><\/li>\n<li class=\"s3\">erf\u00fcllt die <strong>h\u00f6chstm\u00f6gliche<\/strong>n <strong>Korrosionsschutzklassen<\/strong><\/li>\n<li class=\"s3\">auch bei schwierigen Bedingungen verarbeit- und trockenbar (z.B. <strong>Minustemperaturen<\/strong>)<\/li>\n<li class=\"s3\">mit oder <strong>ohne Anschliff \u00fcberlackierbar<\/strong><\/li>\n<li class=\"s3\">sehr hohe Temperaturbest\u00e4ndigkeit (rotbraun bis <strong>max. 300\u00b0C<\/strong>)<\/li>\n<li class=\"s3\">mit jeder Applikationsart lackierbar (<strong>streichen, rollen, spritzen, tauchen<\/strong>, usw.)<\/li>\n<li>im Bedarfsfall <strong>auch als matter Decklack einsetzbar<\/strong><\/li>\n<\/ul>\n<p>Hinweis: Unsere Produkte werden ausschlie\u00dflich von Grund auf gefertigt (OHNE T\u00f6npasten) f\u00fcr u.a. eine optimale Deckkraft. Sonderfarbt\u00f6ne, die nicht bei uns original produziert werden (sondern z.B. bei einem H\u00e4ndler), werden hingegen mit T\u00f6npasten eingestellt und entsprechen nicht der Originalqualit\u00e4t hinsichtlich Deckkraft, Korrosionsschutz und Haftfestigkeit.<\/p>\n","protected":false},"excerpt":{"rendered":"<p>universell \u00fcberlackierbarer Grund &#8211; oder Abschlussanstrich einkomponentig vorzugsweise f\u00fcr Eisen und Stahl sehr hohe Ergiebigkeit sehr hohe F\u00fcllkraft erf\u00fcllt die h\u00f6chstm\u00f6glichen Korrosionsschutzklassen auch bei schwierigen Bedingungen verarbeit- und trockenbar (z.B. Minustemperaturen) mit oder ohne Anschliff \u00fcberlackierbar sehr hohe Temperaturbest\u00e4ndigkeit (rotbraun bis max. 300\u00b0C) mit jeder Applikationsart lackierbar (streichen, rollen, spritzen, tauchen, usw.) im Bedarfsfall auch [&hellip;]<\/p>\n","protected":false},"featured_media":4414,"comment_status":"closed","ping_status":"closed","template":"","meta":{"_acf_changed":false},"product_brand":[],"product_cat":[21],"product_tag":[],"class_list":{"0":"post-4396","1":"product","2":"type-product","3":"status-publish","4":"has-post-thumbnail","6":"product_cat-allgemein","8":"first","9":"instock","10":"featured","11":"taxable","12":"shipping-taxable","13":"purchasable","14":"product-type-variable"},"acf":[],"_links":{"self":[{"href":"https:\/\/branth.flow-dev.de\/wp-json\/wp\/v2\/product\/4396","targetHints":{"allow":["GET"]}}],"collection":[{"href":"https:\/\/branth.flow-dev.de\/wp-json\/wp\/v2\/product"}],"about":[{"href":"https:\/\/branth.flow-dev.de\/wp-json\/wp\/v2\/types\/product"}],"replies":[{"embeddable":true,"href":"https:\/\/branth.flow-dev.de\/wp-json\/wp\/v2\/comments?post=4396"}],"wp:featuredmedia":[{"embeddable":true,"href":"https:\/\/branth.flow-dev.de\/wp-json\/wp\/v2\/media\/4414"}],"wp:attachment":[{"href":"https:\/\/branth.flow-dev.de\/wp-json\/wp\/v2\/media?parent=4396"}],"wp:term":[{"taxonomy":"product_brand","embeddable":true,"href":"https:\/\/branth.flow-dev.de\/wp-json\/wp\/v2\/product_brand?post=4396"},{"taxonomy":"product_cat","embeddable":true,"href":"https:\/\/branth.flow-dev.de\/wp-json\/wp\/v2\/product_cat?post=4396"},{"taxonomy":"product_tag","embeddable":true,"href":"https:\/\/branth.flow-dev.de\/wp-json\/wp\/v2\/product_tag?post=4396"}],"curies":[{"name":"wp","href":"https:\/\/api.w.org\/{rel}","templated":true}]}}