{"id":4512,"date":"2026-01-19T15:44:47","date_gmt":"2026-01-19T14:44:47","guid":{"rendered":"https:\/\/branth-chemie.de\/?post_type=product&#038;p=4512"},"modified":"2026-02-23T14:03:19","modified_gmt":"2026-02-23T13:03:19","slug":"branths-robustlack-komfortdosen","status":"publish","type":"product","link":"https:\/\/branth.flow-dev.de\/produkt\/branths-robustlack-komfortdosen\/","title":{"rendered":"Branth&#8217;s \u201eRobustlack\u201c Komfortdosen"},"content":{"rendered":"<p><strong>Robuster Deckanstrich mit gl\u00e4nzender Oberfl\u00e4che<\/strong><\/p>\n<ul>\n<li class=\"s3\">sehr elastisch und wetterbest\u00e4ndig<\/li>\n<li class=\"s3\">schnelle Antrocknung<\/li>\n<li class=\"s3\">Mischbar mit Brantho-Korrux 3 in 1<\/li>\n<\/ul>\n","protected":false},"excerpt":{"rendered":"<p>Robuster Deckanstrich mit gl\u00e4nzender Oberfl\u00e4che sehr elastisch und wetterbest\u00e4ndig schnelle Antrocknung Mischbar mit Brantho-Korrux 3 in 1<\/p>\n","protected":false},"featured_media":4649,"comment_status":"closed","ping_status":"closed","template":"","meta":{"_acf_changed":false},"product_brand":[],"product_cat":[21],"product_tag":[],"class_list":{"0":"post-4512","1":"product","2":"type-product","3":"status-publish","4":"has-post-thumbnail","6":"product_cat-allgemein","8":"first","9":"instock","10":"featured","11":"taxable","12":"shipping-taxable","13":"purchasable","14":"product-type-variable"},"acf":[],"_links":{"self":[{"href":"https:\/\/branth.flow-dev.de\/wp-json\/wp\/v2\/product\/4512","targetHints":{"allow":["GET"]}}],"collection":[{"href":"https:\/\/branth.flow-dev.de\/wp-json\/wp\/v2\/product"}],"about":[{"href":"https:\/\/branth.flow-dev.de\/wp-json\/wp\/v2\/types\/product"}],"replies":[{"embeddable":true,"href":"https:\/\/branth.flow-dev.de\/wp-json\/wp\/v2\/comments?post=4512"}],"wp:featuredmedia":[{"embeddable":true,"href":"https:\/\/branth.flow-dev.de\/wp-json\/wp\/v2\/media\/4649"}],"wp:attachment":[{"href":"https:\/\/branth.flow-dev.de\/wp-json\/wp\/v2\/media?parent=4512"}],"wp:term":[{"taxonomy":"product_brand","embeddable":true,"href":"https:\/\/branth.flow-dev.de\/wp-json\/wp\/v2\/product_brand?post=4512"},{"taxonomy":"product_cat","embeddable":true,"href":"https:\/\/branth.flow-dev.de\/wp-json\/wp\/v2\/product_cat?post=4512"},{"taxonomy":"product_tag","embeddable":true,"href":"https:\/\/branth.flow-dev.de\/wp-json\/wp\/v2\/product_tag?post=4512"}],"curies":[{"name":"wp","href":"https:\/\/api.w.org\/{rel}","templated":true}]}}