{"id":4624,"date":"2026-01-20T08:51:29","date_gmt":"2026-01-20T07:51:29","guid":{"rendered":"https:\/\/branth-chemie.de\/?post_type=product&#038;p=4624"},"modified":"2026-02-17T10:17:28","modified_gmt":"2026-02-17T09:17:28","slug":"branths-2k-anti-graffic-komfortdosen","status":"publish","type":"product","link":"https:\/\/branth.flow-dev.de\/produkt\/branths-2k-anti-graffic-komfortdosen\/","title":{"rendered":"Branth&#8217;s \u201e2K-Anti-Graffic\u201c Komfortdosen"},"content":{"rendered":"<p><strong>Klarlack mit schmutzunempfindlicher Oberfl\u00e4che<\/strong><\/p>\n<ul>\n<li class=\"s3\">Besondere Reinigungsf\u00e4higkeit<\/li>\n<li>f\u00fcr einen h\u00f6heren UV-Schutz und Chemikalienbest\u00e4ndigkeit<\/li>\n<li>ideal als Decklack auf Brantho-Korrux \u201e3 in 1\u201c (auch auf unseren anderen Lacken)<\/li>\n<\/ul>\n","protected":false},"excerpt":{"rendered":"<p>Klarlack mit schmutzunempfindlicher Oberfl\u00e4che Besondere Reinigungsf\u00e4higkeit f\u00fcr einen h\u00f6heren UV-Schutz und Chemikalienbest\u00e4ndigkeit ideal als Decklack auf Brantho-Korrux \u201e3 in 1\u201c (auch auf unseren anderen Lacken)<\/p>\n","protected":false},"featured_media":4638,"comment_status":"closed","ping_status":"closed","template":"","meta":{"_acf_changed":false},"product_brand":[],"product_cat":[21],"product_tag":[],"class_list":{"0":"post-4624","1":"product","2":"type-product","3":"status-publish","4":"has-post-thumbnail","6":"product_cat-allgemein","8":"first","9":"instock","10":"taxable","11":"shipping-taxable","12":"purchasable","13":"product-type-variable"},"acf":[],"_links":{"self":[{"href":"https:\/\/branth.flow-dev.de\/wp-json\/wp\/v2\/product\/4624","targetHints":{"allow":["GET"]}}],"collection":[{"href":"https:\/\/branth.flow-dev.de\/wp-json\/wp\/v2\/product"}],"about":[{"href":"https:\/\/branth.flow-dev.de\/wp-json\/wp\/v2\/types\/product"}],"replies":[{"embeddable":true,"href":"https:\/\/branth.flow-dev.de\/wp-json\/wp\/v2\/comments?post=4624"}],"wp:featuredmedia":[{"embeddable":true,"href":"https:\/\/branth.flow-dev.de\/wp-json\/wp\/v2\/media\/4638"}],"wp:attachment":[{"href":"https:\/\/branth.flow-dev.de\/wp-json\/wp\/v2\/media?parent=4624"}],"wp:term":[{"taxonomy":"product_brand","embeddable":true,"href":"https:\/\/branth.flow-dev.de\/wp-json\/wp\/v2\/product_brand?post=4624"},{"taxonomy":"product_cat","embeddable":true,"href":"https:\/\/branth.flow-dev.de\/wp-json\/wp\/v2\/product_cat?post=4624"},{"taxonomy":"product_tag","embeddable":true,"href":"https:\/\/branth.flow-dev.de\/wp-json\/wp\/v2\/product_tag?post=4624"}],"curies":[{"name":"wp","href":"https:\/\/api.w.org\/{rel}","templated":true}]}}